{"id":9861,"date":"2023-09-25T15:13:58","date_gmt":"2023-09-25T13:13:58","guid":{"rendered":"https:\/\/www.pataro.it\/?post_type=product&#038;p=9861"},"modified":"2023-10-03T11:27:09","modified_gmt":"2023-10-03T09:27:09","slug":"pataropro-solo-patatas-y-garbanzos","status":"publish","type":"product","link":"https:\/\/pataro.it\/es\/product\/pataropro-solo-patatas-y-garbanzos\/","title":{"rendered":"Patar\u00f2PRO &#8211; s\u00f3lo patatas y garbanzos"},"content":{"rendered":"\n<p>Para disfrutar plenamente de los sabores naturales de la tierra, s\u00f3lo necesitas tres ingredientes: patatas, garbanzos y agua. Alto contenido en prote\u00ednas: con una sola raci\u00f3n de este plato, obtendr\u00e1s una buena dosis de prote\u00ednas (unos 20 g).<\/p>\n\n\n\n<h4 class=\"wp-block-heading\">R\u00c1PIDOS DE PREPARAR<\/h4>\n\n\n\n<div style=\"height:20px\" aria-hidden=\"true\" class=\"wp-block-spacer\"><\/div>\n\n\n\n<h4 class=\"wp-block-heading\">SABOR AUT\u00c9NTICO<\/h4>\n\n\n\n<div style=\"height:20px\" aria-hidden=\"true\" class=\"wp-block-spacer\"><\/div>\n\n\n\n<h4 class=\"wp-block-heading\">MASA DE SOLO PATATAS Y AGUA<\/h4>\n","protected":false},"excerpt":{"rendered":"<p>Para disfrutar plenamente de los sabores naturales de la tierra, s\u00f3lo necesitas tres ingredientes: patatas, garbanzos y agua. Alto contenido en prote\u00ednas: con una sola raci\u00f3n de este plato, obtendr\u00e1s una buena dosis de prote\u00ednas (unos 20 g). R\u00c1PIDOS DE PREPARAR SABOR AUT\u00c9NTICO MASA DE SOLO PATATAS Y AGUA<\/p>\n","protected":false},"featured_media":9864,"menu_order":3,"template":"","format":"standard","meta":{"inline_featured_image":false},"class_list":["post-9861","product","type-product","status-publish","format-standard","has-post-thumbnail","hentry"],"acf":[],"_links":{"self":[{"href":"https:\/\/pataro.it\/es\/wp-json\/wp\/v2\/product\/9861","targetHints":{"allow":["GET"]}}],"collection":[{"href":"https:\/\/pataro.it\/es\/wp-json\/wp\/v2\/product"}],"about":[{"href":"https:\/\/pataro.it\/es\/wp-json\/wp\/v2\/types\/product"}],"wp:featuredmedia":[{"embeddable":true,"href":"https:\/\/pataro.it\/es\/wp-json\/wp\/v2\/media\/9864"}],"wp:attachment":[{"href":"https:\/\/pataro.it\/es\/wp-json\/wp\/v2\/media?parent=9861"}],"curies":[{"name":"wp","href":"https:\/\/api.w.org\/{rel}","templated":true}]}}