{"id":14010,"date":"2026-05-08T12:20:33","date_gmt":"2026-05-08T10:20:33","guid":{"rendered":"https:\/\/pataro.it\/product\/pataorto-solo-patatas-calabacines-y-menta-2\/"},"modified":"2026-05-08T13:33:43","modified_gmt":"2026-05-08T11:33:43","slug":"pataorto-solo-patate-e-zucchine-e-menta","status":"publish","type":"product","link":"https:\/\/pataro.it\/es\/product\/pataorto-solo-patate-e-zucchine-e-menta\/","title":{"rendered":"Pataorto \u2013 solo patatas, calabacines y menta"},"content":{"rendered":"\n<p>Para disfrutar plenamente de los sabores naturales de la tierra, solo se necesitan tres ingredientes: patatas, calabacines, menta y agua. Con una sola porci\u00f3n de este plato, podr\u00e1s cubrir f\u00e1cilmente una raci\u00f3n diaria de verduras.<\/p>\n\n\n\n<ul class=\"wp-block-list\">\n<li>R\u00c1PIDOS DE PREPARAR<\/li>\n\n\n\n<li>SABOR AUT\u00c9NTICO<\/li>\n\n\n\n<li>MASA ELABORADA SOLO CON PATATAS, CALABACINES Y MENTA<\/li>\n<\/ul>\n\n\n\n<p><\/p>\n","protected":false},"excerpt":{"rendered":"<p>Para disfrutar plenamente de los sabores naturales de la tierra, solo se necesitan tres ingredientes: patatas, calabacines, menta y agua. Con una sola porci\u00f3n de este plato, podr\u00e1s cubrir f\u00e1cilmente una raci\u00f3n diaria de verduras.<\/p>\n","protected":false},"featured_media":13991,"menu_order":0,"template":"","format":"standard","meta":{"inline_featured_image":false},"class_list":["post-14010","product","type-product","status-publish","format-standard","has-post-thumbnail","hentry","pd_product_categories-pataorto-es"],"acf":[],"_links":{"self":[{"href":"https:\/\/pataro.it\/es\/wp-json\/wp\/v2\/product\/14010","targetHints":{"allow":["GET"]}}],"collection":[{"href":"https:\/\/pataro.it\/es\/wp-json\/wp\/v2\/product"}],"about":[{"href":"https:\/\/pataro.it\/es\/wp-json\/wp\/v2\/types\/product"}],"wp:featuredmedia":[{"embeddable":true,"href":"https:\/\/pataro.it\/es\/wp-json\/wp\/v2\/media\/13991"}],"wp:attachment":[{"href":"https:\/\/pataro.it\/es\/wp-json\/wp\/v2\/media?parent=14010"}],"curies":[{"name":"wp","href":"https:\/\/api.w.org\/{rel}","templated":true}]}}